{"id":665,"date":"2021-04-14T14:58:23","date_gmt":"2021-04-14T12:58:23","guid":{"rendered":"https:\/\/aveculture.fr\/expo-vr\/REYNIES1930\/?page_id=665"},"modified":"2022-01-10T19:43:56","modified_gmt":"2022-01-10T18:43:56","slug":"accueil-2","status":"publish","type":"page","link":"https:\/\/expo-vr.fr\/ReyniesArtDeco\/","title":{"rendered":"Accueil"},"content":{"rendered":"<!-- Added by Post\/Page Specific Custom Code plugin, thank you for using! -->\n<style>.test{display:flex;\r\nflex-direction: column;\r\nalign-items: center;}\r\n\r\n.texte{display : inline-block; max-width:674px}\r\n\r\n.entry-content p::before{display:none}\r\n\r\n.entry-title{display: none;}\r\n\r\n#archi::after,\r\n#narratif::after,\r\n#carteLink::after{\r\n    content: '';\r\n    width: 20px;\r\n    height: 20px;\r\n    position: relative;\r\n    margin: 0 3px 5px 5px;\r\n    display: inline-block;\r\n    vertical-align: middle;\r\n}\r\n\r\n#narratif::after {\r\n    background: url(https:\/\/expo-vr.fr\/ReyniesArtDeco\/wp-content\/uploads\/2021\/04\/parcours-narra.svg) no-repeat 0 0;\r\n    background-size: 20px 20px;\r\n}\r\n\r\n#archi::after {\r\n    background: url(https:\/\/expo-vr.fr\/ReyniesArtDeco\/wp-content\/uploads\/2021\/04\/Parcours-archi.svg) no-repeat 0 0;\r\n    background-size: 20px 20px;\r\n}\r\n\r\n#carteLink::after {\r\n    background: url('https:\/\/expo-vr.fr\/ReyniesArtDeco\/wp-content\/uploads\/2021\/05\/map.svg') no-repeat 0 0;\r\n    background-size: 20px 20px;\r\n}\r\n\r\nhtml.wp-dark-mode-active .texte .carteLink::after{\r\n    background: url(https:\/\/expo-vr.fr\/ReyniesArtDeco\/wp-content\/uploads\/2021\/05\/map-dark.svg) no-repeat 0 0!important;\r\n    background-size: 20px 20px;\r\n}\r\n\r\n#carteLink {\r\n    text-decoration: underline;\r\n    color: #42b9a2!important;\r\n    font-weight: bold;\r\n}<\/style>\n\n<div class=\"wrapper\">\n<div class=\"texte\">\n<div class=\"translatable\">\n<h1>Bienvenue !<\/h1>\n<p style=\"text-align: justify;\">\nBienvenue sur le site <b>Reyni\u00e8s Art D\u00e9co, un village du XXe si\u00e8cle<\/b>. Ce site a pour but de vous guider dans votre visite de la ville de Reyni\u00e8s.\n<\/p>\n<p style=\"text-align: justify;\">\nCette exposition \u00e0 ciel ouvert est d\u00e9compos\u00e9e selon les deux parcours suivants : la d\u00e9couverte de l\u2019\u00a0\u00bb<span id=\"archi\" style=\"font-weight:bold;color:#457fe5!important\">Architecture Art D\u00e9co<\/span>\u00a0\u00bb de la ville de Reyni\u00e8s, et le parcours \u00ab\u00a0<span id=\"narratif\" style=\"font-weight:bold;color:#e95014!important\">Histoire d&rsquo;une Crue<\/span>\u00ab\u00a0, qui vous plongera au c\u0153ur des \u00e9v\u00e8nements entourant la catastrophe qui a d\u00e9vast\u00e9 la ville \u00e0 l&rsquo;or\u00e9e des ann\u00e9es 1930.\n<\/p>\n<p style=\"text-align: justify;\">\nPour suivre ces parcours rien de plus simple ! <b>Rep\u00e9rez<\/b> et <b>scannez<\/b> tout simplement les marqueurs munis de QR codes <span style=\"font-weight:bold;color:#457fe5!important\">bleus<\/span> ou <span style=\"font-weight:bold;color:#e95014!important\">oranges<\/span> r\u00e9partis dans la ville, ces derniers vous redirigerons vers les pages associ\u00e9es.\n<\/p>\n<p style=\"text-align: justify;\">\nVous \u00eates perdu ? Ne vous en faites pas !  La <a id=\"carteLink\" class=\"carteLink\" href=\"https:\/\/expo-vr.fr\/ReyniesArtDeco\/carte\/\">carte<\/a> est l\u00e0 pour vous aider, les points bleus ou oranges que vous aurez alors scann\u00e9s se griseront automatiquement sur la carte, ce qui vous permettra de vous rep\u00e9rer facilement dans la ville.\n<\/p>\n<\/div><\/div><\/div>\n","protected":false},"excerpt":{"rendered":"<p>Bienvenue ! Bienvenue sur le site Reyni\u00e8s Art D\u00e9co, un village du XXe si\u00e8cle. Ce site a pour but de vous guider dans votre visite de la ville de Reyni\u00e8s. Cette exposition \u00e0 ciel ouvert est d\u00e9compos\u00e9e selon les deux parcours suivants : la d\u00e9couverte de l\u2019\u00a0\u00bbArchitecture Art D\u00e9co\u00a0\u00bb de la ville de Reyni\u00e8s, et [&hellip;]<\/p>\n","protected":false},"author":6,"featured_media":0,"parent":0,"menu_order":0,"comment_status":"closed","ping_status":"closed","template":"","meta":{"site-sidebar-layout":"default","site-content-layout":"default","ast-site-content-layout":"default","site-content-style":"default","site-sidebar-style":"default","ast-global-header-display":"","ast-banner-title-visibility":"","ast-main-header-display":"","ast-hfb-above-header-display":"","ast-hfb-below-header-display":"","ast-hfb-mobile-header-display":"","site-post-title":"","ast-breadcrumbs-content":"","ast-featured-img":"","footer-sml-layout":"","ast-disable-related-posts":"","theme-transparent-header-meta":"default","adv-header-id-meta":"","stick-header-meta":"","header-above-stick-meta":"","header-main-stick-meta":"","header-below-stick-meta":"","astra-migrate-meta-layouts":"default","ast-page-background-enabled":"default","ast-page-background-meta":{"desktop":{"background-color":"","background-image":"","background-repeat":"repeat","background-position":"center center","background-size":"auto","background-attachment":"scroll","background-type":"","background-media":"","overlay-type":"","overlay-color":"","overlay-opacity":"","overlay-gradient":""},"tablet":{"background-color":"","background-image":"","background-repeat":"repeat","background-position":"center center","background-size":"auto","background-attachment":"scroll","background-type":"","background-media":"","overlay-type":"","overlay-color":"","overlay-opacity":"","overlay-gradient":""},"mobile":{"background-color":"","background-image":"","background-repeat":"repeat","background-position":"center center","background-size":"auto","background-attachment":"scroll","background-type":"","background-media":"","overlay-type":"","overlay-color":"","overlay-opacity":"","overlay-gradient":""}},"ast-content-background-meta":{"desktop":{"background-color":"var(--ast-global-color-5)","background-image":"","background-repeat":"repeat","background-position":"center center","background-size":"auto","background-attachment":"scroll","background-type":"","background-media":"","overlay-type":"","overlay-color":"","overlay-opacity":"","overlay-gradient":""},"tablet":{"background-color":"var(--ast-global-color-5)","background-image":"","background-repeat":"repeat","background-position":"center center","background-size":"auto","background-attachment":"scroll","background-type":"","background-media":"","overlay-type":"","overlay-color":"","overlay-opacity":"","overlay-gradient":""},"mobile":{"background-color":"var(--ast-global-color-5)","background-image":"","background-repeat":"repeat","background-position":"center center","background-size":"auto","background-attachment":"scroll","background-type":"","background-media":"","overlay-type":"","overlay-color":"","overlay-opacity":"","overlay-gradient":""}},"iawp_total_views":832,"footnotes":""},"class_list":["post-665","page","type-page","status-publish","hentry"],"yoast_head":"<!-- This site is optimized with the Yoast SEO plugin v27.5 - https:\/\/yoast.com\/product\/yoast-seo-wordpress\/ -->\n<title>Accueil - Reynies Art D\u00e9co, un village du XXe si\u00e8cle<\/title>\n<meta name=\"robots\" content=\"index, follow, max-snippet:-1, max-image-preview:large, max-video-preview:-1\" \/>\n<link rel=\"canonical\" href=\"https:\/\/expo-vr.fr\/ReyniesArtDeco\/\" \/>\n<meta property=\"og:locale\" content=\"fr_FR\" \/>\n<meta property=\"og:type\" content=\"article\" \/>\n<meta property=\"og:title\" content=\"Accueil - Reynies Art D\u00e9co, un village du XXe si\u00e8cle\" \/>\n<meta property=\"og:description\" content=\"Bienvenue ! Bienvenue sur le site Reyni\u00e8s Art D\u00e9co, un village du XXe si\u00e8cle. Ce site a pour but de vous guider dans votre visite de la ville de Reyni\u00e8s. Cette exposition \u00e0 ciel ouvert est d\u00e9compos\u00e9e selon les deux parcours suivants : la d\u00e9couverte de l\u2019\u00a0\u00bbArchitecture Art D\u00e9co\u00a0\u00bb de la ville de Reyni\u00e8s, et [&hellip;]\" \/>\n<meta property=\"og:url\" content=\"https:\/\/expo-vr.fr\/ReyniesArtDeco\/\" \/>\n<meta property=\"og:site_name\" content=\"Reynies Art D\u00e9co, un village du XXe si\u00e8cle\" \/>\n<meta property=\"article:modified_time\" content=\"2022-01-10T18:43:56+00:00\" \/>\n<meta name=\"twitter:card\" content=\"summary_large_image\" \/>\n<meta name=\"twitter:label1\" content=\"Dur\u00e9e de lecture estim\u00e9e\" \/>\n\t<meta name=\"twitter:data1\" content=\"1 minute\" \/>\n<script type=\"application\/ld+json\" class=\"yoast-schema-graph\">{\"@context\":\"https:\\\/\\\/schema.org\",\"@graph\":[{\"@type\":\"WebPage\",\"@id\":\"https:\\\/\\\/expo-vr.fr\\\/ReyniesArtDeco\\\/\",\"url\":\"https:\\\/\\\/expo-vr.fr\\\/ReyniesArtDeco\\\/\",\"name\":\"Accueil - Reynies Art D\u00e9co, un village du XXe si\u00e8cle\",\"isPartOf\":{\"@id\":\"https:\\\/\\\/expo-vr.fr\\\/ReyniesArtDeco\\\/#website\"},\"datePublished\":\"2021-04-14T12:58:23+00:00\",\"dateModified\":\"2022-01-10T18:43:56+00:00\",\"breadcrumb\":{\"@id\":\"https:\\\/\\\/expo-vr.fr\\\/ReyniesArtDeco\\\/#breadcrumb\"},\"inLanguage\":\"fr-FR\",\"potentialAction\":[{\"@type\":\"ReadAction\",\"target\":[\"https:\\\/\\\/expo-vr.fr\\\/ReyniesArtDeco\\\/\"]}]},{\"@type\":\"BreadcrumbList\",\"@id\":\"https:\\\/\\\/expo-vr.fr\\\/ReyniesArtDeco\\\/#breadcrumb\",\"itemListElement\":[{\"@type\":\"ListItem\",\"position\":1,\"name\":\"Accueil\",\"item\":\"https:\\\/\\\/expo-vr.fr\\\/ReyniesArtDeco\\\/\"},{\"@type\":\"ListItem\",\"position\":2,\"name\":\"Accueil\"}]},{\"@type\":\"WebSite\",\"@id\":\"https:\\\/\\\/expo-vr.fr\\\/ReyniesArtDeco\\\/#website\",\"url\":\"https:\\\/\\\/expo-vr.fr\\\/ReyniesArtDeco\\\/\",\"name\":\"Reynies Art D\u00e9co, un village du XXe si\u00e8cle\",\"description\":\"\",\"publisher\":{\"@id\":\"https:\\\/\\\/expo-vr.fr\\\/ReyniesArtDeco\\\/#organization\"},\"potentialAction\":[{\"@type\":\"SearchAction\",\"target\":{\"@type\":\"EntryPoint\",\"urlTemplate\":\"https:\\\/\\\/expo-vr.fr\\\/ReyniesArtDeco\\\/?s={search_term_string}\"},\"query-input\":{\"@type\":\"PropertyValueSpecification\",\"valueRequired\":true,\"valueName\":\"search_term_string\"}}],\"inLanguage\":\"fr-FR\"},{\"@type\":\"Organization\",\"@id\":\"https:\\\/\\\/expo-vr.fr\\\/ReyniesArtDeco\\\/#organization\",\"name\":\"Ville de Reyni\u00e8s\",\"url\":\"https:\\\/\\\/expo-vr.fr\\\/ReyniesArtDeco\\\/\",\"logo\":{\"@type\":\"ImageObject\",\"inLanguage\":\"fr-FR\",\"@id\":\"https:\\\/\\\/expo-vr.fr\\\/ReyniesArtDeco\\\/#\\\/schema\\\/logo\\\/image\\\/\",\"url\":\"https:\\\/\\\/expo-vr.fr\\\/ReyniesArtDeco\\\/wp-content\\\/uploads\\\/2021\\\/11\\\/Logo-V2-copie.svg\",\"contentUrl\":\"https:\\\/\\\/expo-vr.fr\\\/ReyniesArtDeco\\\/wp-content\\\/uploads\\\/2021\\\/11\\\/Logo-V2-copie.svg\",\"width\":127,\"height\":56,\"caption\":\"Ville de Reyni\u00e8s\"},\"image\":{\"@id\":\"https:\\\/\\\/expo-vr.fr\\\/ReyniesArtDeco\\\/#\\\/schema\\\/logo\\\/image\\\/\"}}]}<\/script>\n<!-- \/ Yoast SEO plugin. -->","yoast_head_json":{"title":"Accueil - Reynies Art D\u00e9co, un village du XXe si\u00e8cle","robots":{"index":"index","follow":"follow","max-snippet":"max-snippet:-1","max-image-preview":"max-image-preview:large","max-video-preview":"max-video-preview:-1"},"canonical":"https:\/\/expo-vr.fr\/ReyniesArtDeco\/","og_locale":"fr_FR","og_type":"article","og_title":"Accueil - Reynies Art D\u00e9co, un village du XXe si\u00e8cle","og_description":"Bienvenue ! Bienvenue sur le site Reyni\u00e8s Art D\u00e9co, un village du XXe si\u00e8cle. Ce site a pour but de vous guider dans votre visite de la ville de Reyni\u00e8s. Cette exposition \u00e0 ciel ouvert est d\u00e9compos\u00e9e selon les deux parcours suivants : la d\u00e9couverte de l\u2019\u00a0\u00bbArchitecture Art D\u00e9co\u00a0\u00bb de la ville de Reyni\u00e8s, et [&hellip;]","og_url":"https:\/\/expo-vr.fr\/ReyniesArtDeco\/","og_site_name":"Reynies Art D\u00e9co, un village du XXe si\u00e8cle","article_modified_time":"2022-01-10T18:43:56+00:00","twitter_card":"summary_large_image","twitter_misc":{"Dur\u00e9e de lecture estim\u00e9e":"1 minute"},"schema":{"@context":"https:\/\/schema.org","@graph":[{"@type":"WebPage","@id":"https:\/\/expo-vr.fr\/ReyniesArtDeco\/","url":"https:\/\/expo-vr.fr\/ReyniesArtDeco\/","name":"Accueil - Reynies Art D\u00e9co, un village du XXe si\u00e8cle","isPartOf":{"@id":"https:\/\/expo-vr.fr\/ReyniesArtDeco\/#website"},"datePublished":"2021-04-14T12:58:23+00:00","dateModified":"2022-01-10T18:43:56+00:00","breadcrumb":{"@id":"https:\/\/expo-vr.fr\/ReyniesArtDeco\/#breadcrumb"},"inLanguage":"fr-FR","potentialAction":[{"@type":"ReadAction","target":["https:\/\/expo-vr.fr\/ReyniesArtDeco\/"]}]},{"@type":"BreadcrumbList","@id":"https:\/\/expo-vr.fr\/ReyniesArtDeco\/#breadcrumb","itemListElement":[{"@type":"ListItem","position":1,"name":"Accueil","item":"https:\/\/expo-vr.fr\/ReyniesArtDeco\/"},{"@type":"ListItem","position":2,"name":"Accueil"}]},{"@type":"WebSite","@id":"https:\/\/expo-vr.fr\/ReyniesArtDeco\/#website","url":"https:\/\/expo-vr.fr\/ReyniesArtDeco\/","name":"Reynies Art D\u00e9co, un village du XXe si\u00e8cle","description":"","publisher":{"@id":"https:\/\/expo-vr.fr\/ReyniesArtDeco\/#organization"},"potentialAction":[{"@type":"SearchAction","target":{"@type":"EntryPoint","urlTemplate":"https:\/\/expo-vr.fr\/ReyniesArtDeco\/?s={search_term_string}"},"query-input":{"@type":"PropertyValueSpecification","valueRequired":true,"valueName":"search_term_string"}}],"inLanguage":"fr-FR"},{"@type":"Organization","@id":"https:\/\/expo-vr.fr\/ReyniesArtDeco\/#organization","name":"Ville de Reyni\u00e8s","url":"https:\/\/expo-vr.fr\/ReyniesArtDeco\/","logo":{"@type":"ImageObject","inLanguage":"fr-FR","@id":"https:\/\/expo-vr.fr\/ReyniesArtDeco\/#\/schema\/logo\/image\/","url":"https:\/\/expo-vr.fr\/ReyniesArtDeco\/wp-content\/uploads\/2021\/11\/Logo-V2-copie.svg","contentUrl":"https:\/\/expo-vr.fr\/ReyniesArtDeco\/wp-content\/uploads\/2021\/11\/Logo-V2-copie.svg","width":127,"height":56,"caption":"Ville de Reyni\u00e8s"},"image":{"@id":"https:\/\/expo-vr.fr\/ReyniesArtDeco\/#\/schema\/logo\/image\/"}}]}},"_links":{"self":[{"href":"https:\/\/expo-vr.fr\/ReyniesArtDeco\/wp-json\/wp\/v2\/pages\/665","targetHints":{"allow":["GET"]}}],"collection":[{"href":"https:\/\/expo-vr.fr\/ReyniesArtDeco\/wp-json\/wp\/v2\/pages"}],"about":[{"href":"https:\/\/expo-vr.fr\/ReyniesArtDeco\/wp-json\/wp\/v2\/types\/page"}],"author":[{"embeddable":true,"href":"https:\/\/expo-vr.fr\/ReyniesArtDeco\/wp-json\/wp\/v2\/users\/6"}],"replies":[{"embeddable":true,"href":"https:\/\/expo-vr.fr\/ReyniesArtDeco\/wp-json\/wp\/v2\/comments?post=665"}],"version-history":[{"count":0,"href":"https:\/\/expo-vr.fr\/ReyniesArtDeco\/wp-json\/wp\/v2\/pages\/665\/revisions"}],"wp:attachment":[{"href":"https:\/\/expo-vr.fr\/ReyniesArtDeco\/wp-json\/wp\/v2\/media?parent=665"}],"curies":[{"name":"wp","href":"https:\/\/api.w.org\/{rel}","templated":true}]}}