{"id":528,"date":"2021-04-14T10:05:27","date_gmt":"2021-04-14T08:05:27","guid":{"rendered":"https:\/\/aveculture.fr\/expo-vr\/REYNIES1930\/?page_id=528"},"modified":"2022-03-28T20:37:07","modified_gmt":"2022-03-28T18:37:07","slug":"narratif-6","status":"publish","type":"page","link":"https:\/\/expo-vr.fr\/ReyniesArtDeco\/narratif-6\/","title":{"rendered":"6 &#8211; Une vie de fortune"},"content":{"rendered":"<!-- Added by Post\/Page Specific Custom Code plugin, thank you for using! -->\n<style>.test{display:flex;\r\nflex-direction: column;\r\nalign-items: center;}\r\n\r\n.texte{display : inline-block; max-width:674px}\r\n\r\n.entry-content p::before{display:none}\r\n\r\narticle.page{background:blue}\r\n\r\n.imageContainer>*+*{\r\nmargin-top: 1em;\r\n}<\/style>\n\n<div id=\"audio-player-container\">   \n    <img decoding=\"async\" src=\"https:\/\/expo-vr.fr\/ReyniesArtDeco\/wp-content\/uploads\/2022\/03\/radio.jpg\" alt=\"image-radio\">\n    <button id=\"play-icon\"><\/button>\n    <div id=\"radioOverlay\"><\/div>\n    <div id=\"radioControllerContainer\">\n        <div>\n            <audio src=\"https:\/\/expo-vr.fr\/ReyniesArtDeco\/wp-content\/uploads\/2022\/03\/6-\u2013-Une-vie-de-fortune.mp3\" preload=\"metadata\" loop=\"\"><\/audio>\n            <span id=\"current-time\" class=\"time\">0:00<\/span>\n            <input type=\"range\" id=\"seek-slider\" max=\"100\" value=\"0\">\n            <span id=\"duration\" class=\"time\">0:00<\/span>\n            <div id=\"volumeController\">\n                <input type=\"range\" id=\"volume-slider\" max=\"100\" value=\"100\">\n                <button id=\"mute-icon\"><\/button>\n            <\/div>\n        <\/div>\n    <\/div>\n  <\/div>\n\n\n\n<div class=\"wrapper\">\n<div class=\"texte\">\n<div class=\"translatable\">\n<p style=\"text-align: justify;\">\n\nDes militaires et des sauveteurs venus de Montauban, ainsi qu&rsquo;une compagnie du 2e a\u00e9rostiers de Toulouse, construisent (apr\u00e8s d\u00e9blaiement et nettoyage) des hangars et des baraquements en bois pour loger les sinistr\u00e9s.\nCeux qui \u00e9taient h\u00e9berg\u00e9s dans les villages voisins, ou dans de la famille proche, ont pu \u00e0 ce moment revenir progressivement sur \u00ab leur territoire \u00bb.\nReyni\u00e8s est avant tout une commune rurale, et la remise en \u00e9tat des champs submerg\u00e9s de limon a aussi \u00e9t\u00e9 une des premi\u00e8res occupations des villageois.\nBien \u00e9videmment les Reyni\u00e8siens ont tous particip\u00e9 aux d\u00e9blaiements en chargeant et d\u00e9chargeant le petit train mis en service pour \u00e9vacuer les mat\u00e9riaux : soit  ils les r\u00e9cup\u00e9raient pour servir de remblais dans les parties basses, soit ils les jetaient au Tarn.\nA ce moment l\u00e0, des baraquements en bois dont certains sont encore visibles sur la commune, ont accueillis en urgence les sinistr\u00e9s, les animaux, parfois les deux sous le m\u00eame toit.\n<\/p>\n<p style=\"text-align: justify;\">\nCette RECONSTITUTION et non RECONSTRUCTION s\u2019est faite sous l\u2019\u00e9gide de l\u2019ing\u00e9nieur en chef des Ponts et Chauss\u00e9es, Monsieur Pelissonier, pour la partie technique. Pour suivre l&rsquo;avancement des travaux, des comptes-rendus hebdomadaires pr\u00e9cis \u00e9taient alors envoy\u00e9s au Pr\u00e9fet de la Haute-Garonne, Monsieur Guillon; le pr\u00e9fet du Tarn et Garonne \u00e9tant tr\u00e8s mobilis\u00e9 sur le terrain.\n<\/p>\n<p style=\"text-align: justify;\">\nAfin de reconstruire au mieux les habitats et que les propri\u00e9taires ne se sentent l\u00e9s\u00e9s suite \u00e0 loi du 8 avril 1930 portant sur la cr\u00e9ation d\u2019un fonds provisionnel de 1 milliards de francs. Un arr\u00eat\u00e9 datant du 7 f\u00e9vrier 1931 pr\u00e9cise les modalit\u00e9s d\u2019octroi de capitaux pour la reconstruction de chaque maison.\n<\/p>\n<p style=\"text-align: justify;\"> \nUne Coop\u00e9rative Intercommunale regroupant tous les propri\u00e9taires sinistr\u00e9s est charg\u00e9e de mener les n\u00e9gociations de gr\u00e9 \u00e0 gr\u00e9.\nCe qui est remarquable est la rapidit\u00e9 dans la prise de d\u00e9cision de l\u2019Etat pour ces indemnisations : \n1 milliard de francs d\u00e9bloqu\u00e9s un mois apr\u00e8s la catastrophe.<br>\nCe march\u00e9 de gr\u00e9 \u00e0 gr\u00e9 s\u2019appuyait pour fixer le montant au plus juste des indemnisations de chaque propri\u00e9taire sur des plans et des devis pr\u00e9sent\u00e9s par l\u2019interm\u00e9diaire de la coop\u00e9rative.\nA la fin 1931, l\u2019ensemble des indemnisations \u00e9taient confirm\u00e9es : la RECONSTITUTION battait son plein.\n\n\n<\/p>\n<\/div>\n<div class=\"imageContainer\">\n<figure>\n<img decoding=\"async\" class=\"aligncenter\" src=\"https:\/\/expo-vr.fr\/ReyniesArtDeco\/wp-content\/uploads\/2022\/01\/IMG_3783-scaled.jpg\" alt=\"\">\n<\/figure>\n<figure>\n<img decoding=\"async\" class=\"aligncenter\" src=\"https:\/\/expo-vr.fr\/ReyniesArtDeco\/wp-content\/uploads\/2022\/01\/IMG_3735-scaled.jpg\" alt=\"\">\n<\/figure>\n<\/div><\/div><\/div>\n\n\n\n<script>\n    const page = jQuery(\"h1.entry-title\").text();\n    markAsViewed(page);\n<\/script>\n\n\n\n<p><\/p>\n\n\n\n<script>\n    initiateAudioPlayer();\n<\/script>\n","protected":false},"excerpt":{"rendered":"<p>0:00 0:00 Des militaires et des sauveteurs venus de Montauban, ainsi qu&rsquo;une compagnie du 2e a\u00e9rostiers de Toulouse, construisent (apr\u00e8s d\u00e9blaiement et nettoyage) des hangars et des baraquements en bois pour loger les sinistr\u00e9s. Ceux qui \u00e9taient h\u00e9berg\u00e9s dans les villages voisins, ou dans de la famille proche, ont pu \u00e0 ce moment revenir progressivement [&hellip;]<\/p>\n","protected":false},"author":6,"featured_media":0,"parent":0,"menu_order":0,"comment_status":"closed","ping_status":"closed","template":"","meta":{"site-sidebar-layout":"default","site-content-layout":"default","ast-site-content-layout":"default","site-content-style":"default","site-sidebar-style":"default","ast-global-header-display":"","ast-banner-title-visibility":"","ast-main-header-display":"","ast-hfb-above-header-display":"","ast-hfb-below-header-display":"","ast-hfb-mobile-header-display":"","site-post-title":"","ast-breadcrumbs-content":"","ast-featured-img":"","footer-sml-layout":"","ast-disable-related-posts":"","theme-transparent-header-meta":"default","adv-header-id-meta":"","stick-header-meta":"","header-above-stick-meta":"","header-main-stick-meta":"","header-below-stick-meta":"","astra-migrate-meta-layouts":"default","ast-page-background-enabled":"default","ast-page-background-meta":{"desktop":{"background-color":"","background-image":"","background-repeat":"repeat","background-position":"center center","background-size":"auto","background-attachment":"scroll","background-type":"","background-media":"","overlay-type":"","overlay-color":"","overlay-opacity":"","overlay-gradient":""},"tablet":{"background-color":"","background-image":"","background-repeat":"repeat","background-position":"center center","background-size":"auto","background-attachment":"scroll","background-type":"","background-media":"","overlay-type":"","overlay-color":"","overlay-opacity":"","overlay-gradient":""},"mobile":{"background-color":"","background-image":"","background-repeat":"repeat","background-position":"center center","background-size":"auto","background-attachment":"scroll","background-type":"","background-media":"","overlay-type":"","overlay-color":"","overlay-opacity":"","overlay-gradient":""}},"ast-content-background-meta":{"desktop":{"background-color":"var(--ast-global-color-5)","background-image":"","background-repeat":"repeat","background-position":"center center","background-size":"auto","background-attachment":"scroll","background-type":"","background-media":"","overlay-type":"","overlay-color":"","overlay-opacity":"","overlay-gradient":""},"tablet":{"background-color":"var(--ast-global-color-5)","background-image":"","background-repeat":"repeat","background-position":"center center","background-size":"auto","background-attachment":"scroll","background-type":"","background-media":"","overlay-type":"","overlay-color":"","overlay-opacity":"","overlay-gradient":""},"mobile":{"background-color":"var(--ast-global-color-5)","background-image":"","background-repeat":"repeat","background-position":"center center","background-size":"auto","background-attachment":"scroll","background-type":"","background-media":"","overlay-type":"","overlay-color":"","overlay-opacity":"","overlay-gradient":""}},"iawp_total_views":72,"footnotes":""},"class_list":["post-528","page","type-page","status-publish","hentry"],"yoast_head":"<!-- This site is optimized with the Yoast SEO plugin v27.6 - https:\/\/yoast.com\/product\/yoast-seo-wordpress\/ -->\n<title>6 - Une vie de fortune - Reynies Art D\u00e9co, un village du XXe si\u00e8cle<\/title>\n<meta name=\"robots\" content=\"index, follow, max-snippet:-1, max-image-preview:large, max-video-preview:-1\" \/>\n<link rel=\"canonical\" href=\"https:\/\/expo-vr.fr\/ReyniesArtDeco\/narratif-6\/\" \/>\n<meta property=\"og:locale\" content=\"fr_FR\" \/>\n<meta property=\"og:type\" content=\"article\" \/>\n<meta property=\"og:title\" content=\"6 - Une vie de fortune - Reynies Art D\u00e9co, un village du XXe si\u00e8cle\" \/>\n<meta property=\"og:description\" content=\"0:00 0:00 Des militaires et des sauveteurs venus de Montauban, ainsi qu&rsquo;une compagnie du 2e a\u00e9rostiers de Toulouse, construisent (apr\u00e8s d\u00e9blaiement et nettoyage) des hangars et des baraquements en bois pour loger les sinistr\u00e9s. Ceux qui \u00e9taient h\u00e9berg\u00e9s dans les villages voisins, ou dans de la famille proche, ont pu \u00e0 ce moment revenir progressivement [&hellip;]\" \/>\n<meta property=\"og:url\" content=\"https:\/\/expo-vr.fr\/ReyniesArtDeco\/narratif-6\/\" \/>\n<meta property=\"og:site_name\" content=\"Reynies Art D\u00e9co, un village du XXe si\u00e8cle\" \/>\n<meta property=\"article:modified_time\" content=\"2022-03-28T18:37:07+00:00\" \/>\n<meta property=\"og:image\" content=\"https:\/\/expo-vr.fr\/ReyniesArtDeco\/wp-content\/uploads\/2022\/03\/radio.jpg\" \/>\n<meta name=\"twitter:card\" content=\"summary_large_image\" \/>\n<meta name=\"twitter:label1\" content=\"Dur\u00e9e de lecture estim\u00e9e\" \/>\n\t<meta name=\"twitter:data1\" content=\"2 minutes\" \/>\n<script type=\"application\/ld+json\" class=\"yoast-schema-graph\">{\"@context\":\"https:\\\/\\\/schema.org\",\"@graph\":[{\"@type\":\"WebPage\",\"@id\":\"https:\\\/\\\/expo-vr.fr\\\/ReyniesArtDeco\\\/narratif-6\\\/\",\"url\":\"https:\\\/\\\/expo-vr.fr\\\/ReyniesArtDeco\\\/narratif-6\\\/\",\"name\":\"6 - Une vie de fortune - Reynies Art D\u00e9co, un village du XXe si\u00e8cle\",\"isPartOf\":{\"@id\":\"https:\\\/\\\/expo-vr.fr\\\/ReyniesArtDeco\\\/#website\"},\"primaryImageOfPage\":{\"@id\":\"https:\\\/\\\/expo-vr.fr\\\/ReyniesArtDeco\\\/narratif-6\\\/#primaryimage\"},\"image\":{\"@id\":\"https:\\\/\\\/expo-vr.fr\\\/ReyniesArtDeco\\\/narratif-6\\\/#primaryimage\"},\"thumbnailUrl\":\"https:\\\/\\\/expo-vr.fr\\\/ReyniesArtDeco\\\/wp-content\\\/uploads\\\/2022\\\/03\\\/radio.jpg\",\"datePublished\":\"2021-04-14T08:05:27+00:00\",\"dateModified\":\"2022-03-28T18:37:07+00:00\",\"breadcrumb\":{\"@id\":\"https:\\\/\\\/expo-vr.fr\\\/ReyniesArtDeco\\\/narratif-6\\\/#breadcrumb\"},\"inLanguage\":\"fr-FR\",\"potentialAction\":[{\"@type\":\"ReadAction\",\"target\":[\"https:\\\/\\\/expo-vr.fr\\\/ReyniesArtDeco\\\/narratif-6\\\/\"]}]},{\"@type\":\"ImageObject\",\"inLanguage\":\"fr-FR\",\"@id\":\"https:\\\/\\\/expo-vr.fr\\\/ReyniesArtDeco\\\/narratif-6\\\/#primaryimage\",\"url\":\"https:\\\/\\\/expo-vr.fr\\\/ReyniesArtDeco\\\/wp-content\\\/uploads\\\/2022\\\/03\\\/radio.jpg\",\"contentUrl\":\"https:\\\/\\\/expo-vr.fr\\\/ReyniesArtDeco\\\/wp-content\\\/uploads\\\/2022\\\/03\\\/radio.jpg\",\"width\":421,\"height\":280},{\"@type\":\"BreadcrumbList\",\"@id\":\"https:\\\/\\\/expo-vr.fr\\\/ReyniesArtDeco\\\/narratif-6\\\/#breadcrumb\",\"itemListElement\":[{\"@type\":\"ListItem\",\"position\":1,\"name\":\"Accueil\",\"item\":\"https:\\\/\\\/expo-vr.fr\\\/ReyniesArtDeco\\\/\"},{\"@type\":\"ListItem\",\"position\":2,\"name\":\"6 &#8211; Une vie de fortune\"}]},{\"@type\":\"WebSite\",\"@id\":\"https:\\\/\\\/expo-vr.fr\\\/ReyniesArtDeco\\\/#website\",\"url\":\"https:\\\/\\\/expo-vr.fr\\\/ReyniesArtDeco\\\/\",\"name\":\"Reynies Art D\u00e9co, un village du XXe si\u00e8cle\",\"description\":\"\",\"publisher\":{\"@id\":\"https:\\\/\\\/expo-vr.fr\\\/ReyniesArtDeco\\\/#organization\"},\"potentialAction\":[{\"@type\":\"SearchAction\",\"target\":{\"@type\":\"EntryPoint\",\"urlTemplate\":\"https:\\\/\\\/expo-vr.fr\\\/ReyniesArtDeco\\\/?s={search_term_string}\"},\"query-input\":{\"@type\":\"PropertyValueSpecification\",\"valueRequired\":true,\"valueName\":\"search_term_string\"}}],\"inLanguage\":\"fr-FR\"},{\"@type\":\"Organization\",\"@id\":\"https:\\\/\\\/expo-vr.fr\\\/ReyniesArtDeco\\\/#organization\",\"name\":\"Ville de Reyni\u00e8s\",\"url\":\"https:\\\/\\\/expo-vr.fr\\\/ReyniesArtDeco\\\/\",\"logo\":{\"@type\":\"ImageObject\",\"inLanguage\":\"fr-FR\",\"@id\":\"https:\\\/\\\/expo-vr.fr\\\/ReyniesArtDeco\\\/#\\\/schema\\\/logo\\\/image\\\/\",\"url\":\"https:\\\/\\\/expo-vr.fr\\\/ReyniesArtDeco\\\/wp-content\\\/uploads\\\/2021\\\/11\\\/Logo-V2-copie.svg\",\"contentUrl\":\"https:\\\/\\\/expo-vr.fr\\\/ReyniesArtDeco\\\/wp-content\\\/uploads\\\/2021\\\/11\\\/Logo-V2-copie.svg\",\"width\":127,\"height\":56,\"caption\":\"Ville de Reyni\u00e8s\"},\"image\":{\"@id\":\"https:\\\/\\\/expo-vr.fr\\\/ReyniesArtDeco\\\/#\\\/schema\\\/logo\\\/image\\\/\"}}]}<\/script>\n<!-- \/ Yoast SEO plugin. -->","yoast_head_json":{"title":"6 - Une vie de fortune - Reynies Art D\u00e9co, un village du XXe si\u00e8cle","robots":{"index":"index","follow":"follow","max-snippet":"max-snippet:-1","max-image-preview":"max-image-preview:large","max-video-preview":"max-video-preview:-1"},"canonical":"https:\/\/expo-vr.fr\/ReyniesArtDeco\/narratif-6\/","og_locale":"fr_FR","og_type":"article","og_title":"6 - Une vie de fortune - Reynies Art D\u00e9co, un village du XXe si\u00e8cle","og_description":"0:00 0:00 Des militaires et des sauveteurs venus de Montauban, ainsi qu&rsquo;une compagnie du 2e a\u00e9rostiers de Toulouse, construisent (apr\u00e8s d\u00e9blaiement et nettoyage) des hangars et des baraquements en bois pour loger les sinistr\u00e9s. Ceux qui \u00e9taient h\u00e9berg\u00e9s dans les villages voisins, ou dans de la famille proche, ont pu \u00e0 ce moment revenir progressivement [&hellip;]","og_url":"https:\/\/expo-vr.fr\/ReyniesArtDeco\/narratif-6\/","og_site_name":"Reynies Art D\u00e9co, un village du XXe si\u00e8cle","article_modified_time":"2022-03-28T18:37:07+00:00","og_image":[{"url":"https:\/\/expo-vr.fr\/ReyniesArtDeco\/wp-content\/uploads\/2022\/03\/radio.jpg","type":"","width":"","height":""}],"twitter_card":"summary_large_image","twitter_misc":{"Dur\u00e9e de lecture estim\u00e9e":"2 minutes"},"schema":{"@context":"https:\/\/schema.org","@graph":[{"@type":"WebPage","@id":"https:\/\/expo-vr.fr\/ReyniesArtDeco\/narratif-6\/","url":"https:\/\/expo-vr.fr\/ReyniesArtDeco\/narratif-6\/","name":"6 - Une vie de fortune - Reynies Art D\u00e9co, un village du XXe si\u00e8cle","isPartOf":{"@id":"https:\/\/expo-vr.fr\/ReyniesArtDeco\/#website"},"primaryImageOfPage":{"@id":"https:\/\/expo-vr.fr\/ReyniesArtDeco\/narratif-6\/#primaryimage"},"image":{"@id":"https:\/\/expo-vr.fr\/ReyniesArtDeco\/narratif-6\/#primaryimage"},"thumbnailUrl":"https:\/\/expo-vr.fr\/ReyniesArtDeco\/wp-content\/uploads\/2022\/03\/radio.jpg","datePublished":"2021-04-14T08:05:27+00:00","dateModified":"2022-03-28T18:37:07+00:00","breadcrumb":{"@id":"https:\/\/expo-vr.fr\/ReyniesArtDeco\/narratif-6\/#breadcrumb"},"inLanguage":"fr-FR","potentialAction":[{"@type":"ReadAction","target":["https:\/\/expo-vr.fr\/ReyniesArtDeco\/narratif-6\/"]}]},{"@type":"ImageObject","inLanguage":"fr-FR","@id":"https:\/\/expo-vr.fr\/ReyniesArtDeco\/narratif-6\/#primaryimage","url":"https:\/\/expo-vr.fr\/ReyniesArtDeco\/wp-content\/uploads\/2022\/03\/radio.jpg","contentUrl":"https:\/\/expo-vr.fr\/ReyniesArtDeco\/wp-content\/uploads\/2022\/03\/radio.jpg","width":421,"height":280},{"@type":"BreadcrumbList","@id":"https:\/\/expo-vr.fr\/ReyniesArtDeco\/narratif-6\/#breadcrumb","itemListElement":[{"@type":"ListItem","position":1,"name":"Accueil","item":"https:\/\/expo-vr.fr\/ReyniesArtDeco\/"},{"@type":"ListItem","position":2,"name":"6 &#8211; Une vie de fortune"}]},{"@type":"WebSite","@id":"https:\/\/expo-vr.fr\/ReyniesArtDeco\/#website","url":"https:\/\/expo-vr.fr\/ReyniesArtDeco\/","name":"Reynies Art D\u00e9co, un village du XXe si\u00e8cle","description":"","publisher":{"@id":"https:\/\/expo-vr.fr\/ReyniesArtDeco\/#organization"},"potentialAction":[{"@type":"SearchAction","target":{"@type":"EntryPoint","urlTemplate":"https:\/\/expo-vr.fr\/ReyniesArtDeco\/?s={search_term_string}"},"query-input":{"@type":"PropertyValueSpecification","valueRequired":true,"valueName":"search_term_string"}}],"inLanguage":"fr-FR"},{"@type":"Organization","@id":"https:\/\/expo-vr.fr\/ReyniesArtDeco\/#organization","name":"Ville de Reyni\u00e8s","url":"https:\/\/expo-vr.fr\/ReyniesArtDeco\/","logo":{"@type":"ImageObject","inLanguage":"fr-FR","@id":"https:\/\/expo-vr.fr\/ReyniesArtDeco\/#\/schema\/logo\/image\/","url":"https:\/\/expo-vr.fr\/ReyniesArtDeco\/wp-content\/uploads\/2021\/11\/Logo-V2-copie.svg","contentUrl":"https:\/\/expo-vr.fr\/ReyniesArtDeco\/wp-content\/uploads\/2021\/11\/Logo-V2-copie.svg","width":127,"height":56,"caption":"Ville de Reyni\u00e8s"},"image":{"@id":"https:\/\/expo-vr.fr\/ReyniesArtDeco\/#\/schema\/logo\/image\/"}}]}},"_links":{"self":[{"href":"https:\/\/expo-vr.fr\/ReyniesArtDeco\/wp-json\/wp\/v2\/pages\/528","targetHints":{"allow":["GET"]}}],"collection":[{"href":"https:\/\/expo-vr.fr\/ReyniesArtDeco\/wp-json\/wp\/v2\/pages"}],"about":[{"href":"https:\/\/expo-vr.fr\/ReyniesArtDeco\/wp-json\/wp\/v2\/types\/page"}],"author":[{"embeddable":true,"href":"https:\/\/expo-vr.fr\/ReyniesArtDeco\/wp-json\/wp\/v2\/users\/6"}],"replies":[{"embeddable":true,"href":"https:\/\/expo-vr.fr\/ReyniesArtDeco\/wp-json\/wp\/v2\/comments?post=528"}],"version-history":[{"count":0,"href":"https:\/\/expo-vr.fr\/ReyniesArtDeco\/wp-json\/wp\/v2\/pages\/528\/revisions"}],"wp:attachment":[{"href":"https:\/\/expo-vr.fr\/ReyniesArtDeco\/wp-json\/wp\/v2\/media?parent=528"}],"curies":[{"name":"wp","href":"https:\/\/api.w.org\/{rel}","templated":true}]}}